{"id":18,"date":"2018-01-16T20:45:36","date_gmt":"2018-01-16T19:45:36","guid":{"rendered":"http:\/\/myearth4ever.fr\/?page_id=18"},"modified":"2022-02-25T19:55:16","modified_gmt":"2022-02-25T18:55:16","slug":"a-propos-de","status":"publish","type":"page","link":"https:\/\/myearth4ever.fr\/?page_id=18","title":{"rendered":"\u00c0 propos de"},"content":{"rendered":"<p>Nous sommes un groupe de cinq lyc\u00e9ennes qui voulons sensibiliser nos camarades au respect de la plan\u00e8te.<\/p>\n<p>Dans ce blog, vous trouverez toutes sortes d&rsquo;informations sur notre Terre. Vous y d\u00e9couvrirez diff\u00e9rentes rubriques sur la nature, les animaux, la pollution et la vie quotidienne.<\/p>\n<p>Nous esp\u00e9rons que ce blog vous permettra d&rsquo;apprendre de nouvelles choses sur notre plan\u00e8te bleue.<\/p>\n<p style=\"text-align: right;\">L&rsquo;\u00e9quipe de \u00ab\u00a0My earth 4 ever\u00a0\u00bb<\/p>\n","protected":false},"excerpt":{"rendered":"<p>Nous sommes un groupe de cinq lyc\u00e9ennes qui voulons sensibiliser nos camarades au respect de la plan\u00e8te. Dans ce blog, vous trouverez toutes sortes d&rsquo;informations sur notre Terre. Vous y d\u00e9couvrirez diff\u00e9rentes rubriques sur la nature, les animaux, la pollution et la vie quotidienne. Nous esp\u00e9rons que ce blog vous permettra d&rsquo;apprendre de nouvelles choses &hellip; <a href=\"https:\/\/myearth4ever.fr\/?page_id=18\" class=\"more-link\">Continuer la lecture de <span class=\"screen-reader-text\">\u00c0 propos de<\/span><\/a><\/p>\n","protected":false},"author":1,"featured_media":59,"parent":0,"menu_order":0,"comment_status":"closed","ping_status":"closed","template":"","meta":{"footnotes":""},"class_list":["post-18","page","type-page","status-publish","has-post-thumbnail","hentry"],"_links":{"self":[{"href":"https:\/\/myearth4ever.fr\/index.php?rest_route=\/wp\/v2\/pages\/18","targetHints":{"allow":["GET"]}}],"collection":[{"href":"https:\/\/myearth4ever.fr\/index.php?rest_route=\/wp\/v2\/pages"}],"about":[{"href":"https:\/\/myearth4ever.fr\/index.php?rest_route=\/wp\/v2\/types\/page"}],"author":[{"embeddable":true,"href":"https:\/\/myearth4ever.fr\/index.php?rest_route=\/wp\/v2\/users\/1"}],"replies":[{"embeddable":true,"href":"https:\/\/myearth4ever.fr\/index.php?rest_route=%2Fwp%2Fv2%2Fcomments&post=18"}],"version-history":[{"count":10,"href":"https:\/\/myearth4ever.fr\/index.php?rest_route=\/wp\/v2\/pages\/18\/revisions"}],"predecessor-version":[{"id":409,"href":"https:\/\/myearth4ever.fr\/index.php?rest_route=\/wp\/v2\/pages\/18\/revisions\/409"}],"wp:featuredmedia":[{"embeddable":true,"href":"https:\/\/myearth4ever.fr\/index.php?rest_route=\/wp\/v2\/media\/59"}],"wp:attachment":[{"href":"https:\/\/myearth4ever.fr\/index.php?rest_route=%2Fwp%2Fv2%2Fmedia&parent=18"}],"curies":[{"name":"wp","href":"https:\/\/api.w.org\/{rel}","templated":true}]}}